{"id":3,"date":"2019-10-23T13:05:13","date_gmt":"2019-10-23T11:05:13","guid":{"rendered":"http:\/\/portofinolive.net\/newpat\/?page_id=3"},"modified":"2021-02-18T19:17:37","modified_gmt":"2021-02-18T18:17:37","slug":"privacy-policy","status":"publish","type":"page","link":"https:\/\/portofinolive.net\/newpat\/privacy-policy\/","title":{"rendered":"Privacy Policy"},"content":{"rendered":"<h2 class=\"western\" align=\"center\">Informativa sulla Privacy &amp; Cookie<\/h2>\r\n<h3 class=\"western\">Titolare del trattamento<\/h3>\r\n<p>New-Pat sas-Via F.lli Zoia 86\/4- 20153 Milano Partita Iva 10054680151<br \/>Telefono 0240910769<br \/>Indirizzo email titolare\u00a0shop@newpatshop.it\u00a0\u00a0<\/p>\r\n<p>&nbsp;<\/p>\r\n<h3 class=\"western\">Tipologie di Dati raccolti<\/h3>\r\n<p>I Dati Personali raccolti da questo sito web, in modo autonomo o tramite terze parti, sono: Cookie, Dati di utilizzo, numero di telefono, email, nome, cognome, il settore di appartenenza, Varie tipologie di Dati e Dati comunicati durante l\u2019utilizzo del servizio.<\/p>\r\n<p>Dettagli completi su ciascuna tipologia di dati raccolti sono forniti nelle sezioni dedicate di questa privacy policy e nella sezione informativa cookie.<br \/>I Dati Personali possono essere liberamente forniti dall\u2019Utente.<br \/>I Dati di Utilizzo sono raccolti automaticamente durante la navigazione su questo sito web.<br \/>Se non diversamente specificato, tutti i Dati richiesti da questo sito web sono obbligatori. Se l\u2019Utente rifiuta di comunicarli, potrebbe essere impossibile per questo sito web fornire il Servizio. Nei casi in cui questo sito web indichi alcuni Dati come facoltativi, gli Utenti sono liberi di astenersi dal comunicare tali Dati, senza che ci\u00f2 abbia alcuna conseguenza sulla disponibilit\u00e0 del Servizio o sulla sua operativit\u00e0.<br \/>Gli Utenti che dovessero avere dubbi su quali Dati siano obbligatori, possono contattare il Titolare.<br \/>L\u2019utilizzo di Cookie \u2013 o di altri strumenti di tracciamento \u2013 da parte di questo Sito Web o di terzi utilizzati da questo Sito Web, ove non diversamente precisato, ha la finalit\u00e0 di fornire il Servizio richiesto dall\u2019Utente, oltre alle ulteriori finalit\u00e0 descritte nel presente documento e nella informativa cookie.<\/p>\r\n<p>L\u2019Utente si assume la responsabilit\u00e0 dei Dati Personali di terzi ottenuti, pubblicati o condivisi mediante questo Sito Web e garantisce di avere il diritto di comunicarli o diffonderli, liberando il Titolare da qualsiasi responsabilit\u00e0 verso terzi.<\/p>\r\n<p>Il nostro sito raccoglie durante la navigazione dell\u2019Utente i dati:<br \/>\u2013 dei prodotti che ha visualizzato e per mostrare ad esempio i prodotti che visualizzati di recente<br \/>\u2013 come indirizzo IP e tipo di browser per una stima di imposte e spedizione<br \/>\u2013 fiscali e di spedizione per poter evadere gli ordini o le richieste informative di supporto<br \/>\u2013 tecnici (cookie) per tenere traccia del contenuto del carrello mentre l\u2019Utente naviga sul sito<\/p>\r\n<p>I dati raccolti verranno usati per:<br \/>\u2013 informazioni sull\u2019account e sull\u2019ordine<br \/>\u2013 rispondere alle richieste di informazioni, reclami e rimborsi<br \/>\u2013 elaborare i pagamenti e prevenzione delle frodi<br \/>\u2013 configurare il tuo account<br \/>\u2013 rispettare gli obblighi legali<br \/>\u2013 inviare, se l\u2019Utente ha espresso il consenso, messaggi promozionali e di marketing\u00a0<\/p>\r\n<h3 class=\"western\">Condivisione dei dati<\/h3>\r\n<p>Alcuni dati obbligatoriamente vengono condivisi con terze parti per l\u2019esecuzione del pagamento e l\u2019evasione dell\u2019ordine:<br \/>\u2013 PayPal per la gestione del pagamento tramite Carta di Credito (vedere cookie)<br \/>\u2013 i magazzini e i corrieri per l\u2019approntamento e la consegna dell\u2019ordine<\/p>\r\n<h3 class=\"western\">Finalit\u00e0 e legittimit\u00e0 del trattamento<\/h3>\r\n<p>I dati raccolti in occasione della richiesta di informazioni generica e\/o di una richiesta di preventivo sono trattati principalmente per erogare il servizio informativo e\/o di quotazione. I dati raccolti in occasione di un ordine sono trattati sia per servizio informativo che per la conclusione del contratto di vendita.<\/p>\r\n<p><strong>Finalit\u00e0 del trattamento:<\/strong>\u00a0richiesta di informazione generica contenente dati obbligatori come Nome, Cognome, Email, Settore Merceologico e non obbligatori come Ragione Sociale, Numero di cellulare, Messaggio\/Note<br \/><strong>Base giuridica del trattamento:<\/strong>\u00a0il trattamento \u00e8 necessario per poter erogare un servizio informativo richiesto dall\u2019utente<\/p>\r\n<p><strong>Finalit\u00e0 del trattamento:<\/strong>\u00a0richiesta di preventivo tramite modulo prodotti contenente dati obbligatori come Nome, Email, elenco dei prodotti scelti, e non obbligatori come Oggetto, Note, Quantit\u00e0<br \/><strong>Base giuridica del trattamento:<\/strong>\u00a0il trattamento \u00e8 necessario per poter erogare il servizio di quotazione del materiale richiesto dall\u2019utente<\/p>\r\n<p><strong>Finalit\u00e0 del trattamento:<\/strong>\u00a0acquisto prodotti contiene dati obbligatori come Nome, Cognome, Ragione Sociale (se titolare di Partita IVA), indirizzo completo, Email\/PEC, elenco dei prodotti acquistati, codice fiscale\/partita iva, Codice SDI, numero di telefono, e facoltativi come indirizzo secondario di spedizione, note di spedizione<br \/><strong>Base giuridica del trattamento:<\/strong>\u00a0il trattamento \u00e8 necessario per poter concludere il contratto di vendita<\/p>\r\n<p>Il trattamento \u00e8 effettuato con il consenso del Cliente, che pu\u00f2 essere in qualsiasi momento revocato senza che ci\u00f2 pregiudichi la liceit\u00e0 del trattamento effettuato prima della revoca. La revoca del consenso pu\u00f2 essere esercitata contattando il Titolare all\u2019indirizzo email\u00a0shop@newpatshop.it<\/p>\r\n<p>L\u2019invio di comunicazioni commerciali e comunicazioni pubblicitarie attraverso email relative a prodotti e servizi analoghi a quelli richiesti sono effettuate a meno che l\u2019interessato non si opponga all\u2019invio. L\u2019opposizione all\u2019invio pu\u00f2 essere esercitata contattando il Titolare all\u2019indirizzo email\u00a0shop@newpatshop.it<\/p>\r\n<h3 class=\"western\">Durata di conservazione<\/h3>\r\n<p>I dati saranno utilizzati per l\u2019invio di comunicazioni commerciali e comunicazioni pubblicitarie attraverso email relative a prodotti e servizi analoghi per due anni dall\u2019acquisizione, fatto salvo il diritto di opporsi. In generale le informazioni obbligatorie di legge e fiscali saranno conservate per 10 anni.<\/p>\r\n<h3 class=\"western\">Diritti dell\u2019interessato<\/h3>\r\n<p>L\u2019interessato ha il diritto di chiedere al titolare del trattamento l\u2019accesso ai dati personali, la rettifica o la cancellazione degli stessi o la limitazione del trattamento. Ha, inoltre, il diritto di opporsi al trattamento dei dati personali e il diritto alla portabilit\u00e0 degli stessi. L\u2019interessato ha, infine, il diritto di proporre reclamo al Garante per la protezione dei dati personali.<\/p>\r\n<h3 class=\"western\">Come esercitare il diritto di accesso, rettifica e cancellazione dei dati<\/h3>\r\n<p>L\u2019interessato pu\u00f2 modificare e aggiornare i suoi dati personali rivolgendosi al Titolare\u00a0shop@newpatshop.it<\/p>\r\n<h3 class=\"western\">Diritto di revocare il consenso<\/h3>\r\n<p>La revoca del consenso o l\u2019opposizione all\u2019invio di comunicazioni pubblicitarie possono essere esercitati contattando il Titolare shop@newpatshop.it<\/p>\r\n<h3 class=\"western\">Diritto di reclamo all\u2019Autorit\u00e0<\/h3>\r\n<p>L\u2019interessato pu\u00f2 presentare reclamo al Garante per la protezione dei dati personali\u00a0<a href=\"http:\/\/www.garanteprivacy.it\/\">www.garanteprivacy.it<\/a><\/p>\r\n<h2 class=\"western\"><strong>Cookie Policy (aggiornata al 25\/05\/2018)<\/strong><\/h2>\r\n<h2 class=\"western\"><a name=\"sec1\"><\/a> Titolare del trattamento<\/h2>\r\n<p>New-Pat sas-Via F.lli Zoia 86\/4- 20153 Milano Partita Iva 10054680151 Tel. 0240910769<br \/>Indirizzo email del Titolare: shop@newpatshop.it<\/p>\r\n<h2 class=\"western\"><a name=\"sec2\"><\/a> Finalit\u00e0 del trattamento<\/h2>\r\n<p>I soli dati trattati sono quelli acquisiti mediante i cosiddetti cookie.<\/p>\r\n<p>Sono trattati<\/p>\r\n<ul>\r\n<li>\r\n<p>i c.d. \u201ccookie tecnici\u201d per garantire la normale navigazione del sito e la fruizione dei suoi servizi;<\/p>\r\n<\/li>\r\n<li>\r\n<p>i c.d. \u201ccookie analitici\u201d per raccogliere informazioni in forma anonima e aggregata sull\u2019utilizzo dei siti, sul numero degli utenti e su come questi visitano tali siti. Per ridurre il potere identificativo dei cookie, che potrebbe celare una porzione significativa dell\u2019indirizzo IP, si \u00e8 impostato il servizio in modo che le terze parti non siano autorizzate ad incrociare le informazioni raccolte con altre in loro possesso.<\/p>\r\n<\/li>\r\n<li>\r\n<p>i c.d. \u201ccookie di profilazione\u201d di terze parti.<\/p>\r\n<\/li>\r\n<\/ul>\r\n<h3 class=\"western\">Durata di conservazione<\/h3>\r\n<p>I dati acquisiti mediante cookie tecnici vengono conservati per il tempo necessario all\u2019esecuzione del servizio.<br \/>I dati acquisiti mediante cookie analitici vengono conservati per un massimo di 26 mesi.<\/p>\r\n<h2 class=\"western\"><a name=\"sec3\"><\/a> Legittimit\u00e0 del trattamento<\/h2>\r\n<p>Il trattamento \u00e8 effettuato nel rispetto delle disposizioni del Garante del 8 maggio 2014.<\/p>\r\n<h3 class=\"western\">Dettagli della base giuridica del trattamento<\/h3>\r\n<p>L\u2019utilizzo di cookie tecnici e analitici \u00e8 consentito alle condizioni indicate senza necessit\u00e0 del consenso.<br \/>L\u2019utilizzo di cookie di profilazione di terze parti \u00e8 ammesso fatta salva la facolt\u00e0 di negare il consenso<\/p>\r\n<h3 class=\"western\">Obbligo di fornire i dati e eventuali conseguenze del rifiuto<\/h3>\r\n<p>E\u2019 sempre possibile, utilizzando il proprio browser, impedire che i cookie, di qualsiasi natura, siano scaricati sul proprio sistema e\/o rimuoverli da esso una volta scaricati. La disabilitazione dei \u201ccookie tecnici\u201d pu\u00f2 rendere difficoltosa la navigazione del sito e in alcuni casi pu\u00f2 impedire la fruizione di servizi.<\/p>\r\n<h2 class=\"western\">Destinatari terzi dei cookie<\/h2>\r\n<div class=\"rte\">\r\n<p>PHPSESSID<br \/>Tipologia: HTTP Cookie Dominio: www.odoroff.it<br \/>Expires:\u201dSessione\u201d<\/p>\r\n<p>SERVERID<br \/>Tipologia: HTTP Cookie Dominio: www.odoroff.it<br \/>Expires:\u201dSessione\u201d<\/p>\r\n<p>viewed_cookie_policy:\u201dyes\u201d<br \/>Tipologia: HTTP Cookie Dominio: www.odoroff.it<br \/>Expires:\u201d2 giorni\u201d<\/p>\r\n<p>AWSALB<br \/>Tipologia: HTTP Cookie Dominio: www.odoroff.it<br \/>Expires:\u201d6 giorni\u201d<\/p>\r\n<p>_gat \u2013 Google Analytics tracking cookie<br \/>Tipologia: HTTP Cookie Dominio: www.odoroff.it<br \/>Expires:\u201dSessione\u201d<\/p>\r\n<p>_ga \u2013 Google Analytics tracking cookie con ip anonimizzato<br \/>Tipologia: HTTP Cookie Dominio: www.odoroff.it<br \/>Expires:\u201d730 giorni\u201d. Questo cookie \u00e8 persistente e viene cancellato alla scadenza o quando viene eseguita una rimozione dei cookies sul browser.<\/p>\r\n<\/div>\r\n<p>PREF \u2013 YouTube Cookie<br \/>Tipologia: HTTP Cookie Dominio: youtube.com<br \/>Expires:\u201d243 giorni\u201d. Questo cookie \u00e8 persistente e viene cancellato alla scadenza o quando viene eseguita una rimozione dei cookies sul browser.<\/p>\r\n<p>YSC \u2013 YouTube Cookie<br \/>Tipologia: HTTP Cookie Dominio: youtube.com<br \/>Expires:\u201dSessione\u201d<\/p>\r\n<p>GPS \u2013 Google Cookie<br \/>Tipologia: HTTP Cookie Dominio: youtube.com<br \/>Expires:\u201dSessione\u201d<\/p>\r\n<p>VISITOR_INFO1_LIVE \u2013 YouTube Cookie<br \/>Tipologia: HTTP Cookie Dominio: youtube.com<br \/>Expires:\u201d179 giorni\u201d. Questo cookie \u00e8 persistente e viene cancellato alla scadenza o quando viene eseguita una rimozione dei cookies sul browser.<\/p>\r\n<p>&nbsp;<\/p>\r\n<p>&nbsp;<\/p>\r\n<h2 class=\"western\">Diritti dell\u2019interessato<\/h2>\r\n<p>L\u2019interessato ha il diritto di chiedere al titolare del trattamento l\u2019accesso ai dati personali, la rettifica o la cancellazione degli stessi, e la limitazione del trattamento. Ha, inoltre, il diritto di opporsi al trattamento dei dati personali e il diritto alla portabilit\u00e0 degli stessi.<\/p>\r\n<p>L\u2019interessato ha, infine, il diritto di proporre reclamo al Garante per la protezione dei dati personali.<\/p>\r\n<h3 class=\"western\">Come esercitare il diritto di accesso, rettifica, cancellazione, limitazione e opposizione del trattamento<\/h3>\r\n<p>Per esercitare i propri diritti l\u2019interessato pu\u00f2 rivolgersi al Titolare\u00a0 shop@newpatshop.it<\/p>\r\n<p>Diritto di revocare\/negare il consenso<\/p>\r\n<p>Il consenso per i cookie di profilazione pu\u00f2 essere revocato direttamente alle terze parti (vedi sopra) ed \u00e8 sempre possibile, utilizzando il proprio browser, impedire che i cookie, di qualsiasi natura, siano scaricati sul proprio sistema e\/o rimuoverli da esso una volta scaricati.<\/p>\r\n<h3 class=\"western\">Diritto di reclamo all\u2019autorit\u00e0<\/h3>\r\n<p>L\u2019interessato pu\u00f2 presentare reclamo al Garante per la protezione dei dati personali<a href=\"http:\/\/www.garanteprivacy.it\/\">\u00a0www.garanteprivacy.it<\/a><\/p>\r\n<p>&nbsp;<\/p>\r\n<h3 class=\"western\">Come posso esprimere il consenso all\u2019installazione di Cookie?<\/h3>\r\n<p>Come disabilitare i cookie mediante configurazione del browser<br \/><strong>Chrome<\/strong>\u00a0Per maggiori informazioni visita la\u00a0<a href=\"https:\/\/support.google.com\/accounts\/answer\/61416?hl=en\" target=\"_blank\" rel=\"noopener\">pagina dedicata<\/a>.<br \/><strong>Mozilla Firefox<\/strong>\u00a0Per maggiori informazioni visita la\u00a0<a href=\"https:\/\/support.mozilla.org\/en-US\/kb\/enable-and-disable-cookies-website-preferences\" target=\"_blank\" rel=\"noopener\">pagina dedicata<\/a>.<br \/><strong>Internet Explorer<\/strong>\u00a0Per maggiori informazioni visita la\u00a0<a href=\"http:\/\/windows.microsoft.com\/it-it\/windows-vista\/block-or-allow-cookies\" target=\"_blank\" rel=\"noopener\">pagina dedicata<\/a>.<br \/><strong>Safari 6<\/strong>\u00a0Per maggiori informazioni visita la\u00a0<a href=\"http:\/\/support.apple.com\/kb\/HT1677?utm_source=Agillic%20Dialogue\" target=\"_blank\" rel=\"noopener\">pagina dedicata<\/a>.<br \/><strong>Opera<\/strong>\u00a0Per maggiori informazioni visita la\u00a0<a href=\"http:\/\/windows.microsoft.com\/it-it\/windows-vista\/block-or-allow-cookies\" target=\"_blank\" rel=\"noopener\">pagina dedicata<\/a>.<\/p>\r\n<p>Come disabilitare i cookie di servizi di terzi<\/p>\r\n<ul>\r\n<li>\r\n<p><a href=\"http:\/\/www.google.com\/ads\/preferences\/?hl=it\">Servizi di Google<\/a><\/p>\r\n<\/li>\r\n<li>\r\n<p><a href=\"https:\/\/www.facebook.com\/help\/cookies?ref_type=sitefooter\">Facebook<\/a><\/p>\r\n<\/li>\r\n<li>\r\n<p><a href=\"https:\/\/support.twitter.com\/articles\/20170519-uso-dei-cookie-e-di-altre-tecnologie-simili-da-parte-di-twitter\">Twitter<\/a><\/p>\r\n<\/li>\r\n<\/ul>\r\n<p>La presente informativa privacy \u00e8 redatta sulla base di molteplici ordinamenti legislativi, inclusi gli artt. 13 e 14 del Regolamento (UE) 2016\/679. Ove non diversamente specificato, questa informativa privacy riguarda esclusivamente questo dominio (newpatshop.it).<\/p>\r\n<p>Prima stesura: 25 Maggio 2018<br \/>Ultima modifica: 31 Gennaio 2019<\/p>\r\n<!--themify_builder_content-->\n<div id=\"themify_builder_content-3\" data-postid=\"3\" class=\"themify_builder_content themify_builder_content-3 themify_builder tf_clear\">\n    <\/div>\n<!--\/themify_builder_content-->\n","protected":false},"excerpt":{"rendered":"<p>Informativa sulla Privacy &amp; Cookie Titolare del trattamento New-Pat sas-Via F.lli Zoia 86\/4- 20153 Milano Partita Iva 10054680151Telefono 0240910769Indirizzo email titolare\u00a0shop@newpatshop.it\u00a0\u00a0 &nbsp; Tipologie di Dati raccolti I Dati Personali raccolti da questo sito web, in modo autonomo o tramite terze parti, sono: Cookie, Dati di utilizzo, numero di telefono, email, nome, cognome, il settore di [&hellip;]<\/p>\n","protected":false},"author":1,"featured_media":0,"parent":0,"menu_order":0,"comment_status":"closed","ping_status":"open","template":"","meta":{"footnotes":""},"class_list":["post-3","page","type-page","status-publish","hentry","has-post-title","has-post-date","has-post-category","has-post-tag","has-post-comment","has-post-author",""],"_links":{"self":[{"href":"https:\/\/portofinolive.net\/newpat\/wp-json\/wp\/v2\/pages\/3","targetHints":{"allow":["GET"]}}],"collection":[{"href":"https:\/\/portofinolive.net\/newpat\/wp-json\/wp\/v2\/pages"}],"about":[{"href":"https:\/\/portofinolive.net\/newpat\/wp-json\/wp\/v2\/types\/page"}],"author":[{"embeddable":true,"href":"https:\/\/portofinolive.net\/newpat\/wp-json\/wp\/v2\/users\/1"}],"replies":[{"embeddable":true,"href":"https:\/\/portofinolive.net\/newpat\/wp-json\/wp\/v2\/comments?post=3"}],"version-history":[{"count":3,"href":"https:\/\/portofinolive.net\/newpat\/wp-json\/wp\/v2\/pages\/3\/revisions"}],"predecessor-version":[{"id":637,"href":"https:\/\/portofinolive.net\/newpat\/wp-json\/wp\/v2\/pages\/3\/revisions\/637"}],"wp:attachment":[{"href":"https:\/\/portofinolive.net\/newpat\/wp-json\/wp\/v2\/media?parent=3"}],"curies":[{"name":"wp","href":"https:\/\/api.w.org\/{rel}","templated":true}]}}